{"id":4507,"date":"2024-10-24T17:32:21","date_gmt":"2024-10-24T16:32:21","guid":{"rendered":"https:\/\/solidiberia.com\/?page_id=4507"},"modified":"2024-11-14T15:06:33","modified_gmt":"2024-11-14T14:06:33","slug":"legal-advice","status":"publish","type":"page","link":"https:\/\/solidiberia.com\/es\/legal-advice","title":{"rendered":"Aviso Legal"},"content":{"rendered":"<div data-elementor-type=\"wp-page\" data-elementor-id=\"4507\" class=\"elementor elementor-4507\">\n\t\t\t\t<div class=\"elementor-element elementor-element-d2a3026 e-flex e-con-boxed e-con e-parent\" data-id=\"d2a3026\" data-element_type=\"container\" data-e-type=\"container\">\n\t\t\t\t\t<div class=\"e-con-inner\">\n\t\t\t\t<div class=\"elementor-element elementor-element-3f8581f elementor-widget elementor-widget-text-editor\" data-id=\"3f8581f\" data-element_type=\"widget\" data-e-type=\"widget\" data-widget_type=\"text-editor.default\">\n\t\t\t\t<div class=\"elementor-widget-container\">\n\t\t\t\t\t\t\t\t\t<p><strong>Fecha de entrada en vigor: 24 de octubre de 2024<\/strong><br \/><strong>\u00daltima actualizaci\u00f3n: 24 de octubre de 2024<\/strong><\/p><p>\u00a0<\/p><p>El presente Aviso Legal regula el acceso y utilizaci\u00f3n de <a href=\"https:\/\/solidiberia.com\/es\/\" target=\"_new\" rel=\"noopener\">https:\/\/solidiberia.com<\/a> (en adelante \u201cel Sitio Web\u201d), propiedad y operado por <strong>Solid Iberia, S.L.<\/strong> Al acceder o utilizar el Sitio Web, usted acepta los t\u00e9rminos y condiciones establecidos en este Aviso Legal. Si no est\u00e1 de acuerdo con estos t\u00e9rminos, abst\u00e9ngase de acceder o utilizar el Sitio Web.<\/p><p>\u00a0<\/p><p><strong>1. Informaci\u00f3n de la empresa<\/strong><\/p><ul><li><strong>Nombre de empresa:<\/strong> Solid Iberia, S.L.<\/li><li><strong>N\u00famero de IVA:<\/strong> B93280071<\/li><li><strong>Sede:<\/strong> Calle Camino del Pinar, 16, M\u00e1laga 29602, Spain<\/li><li><strong>Correo electr\u00f3nico:<\/strong> <a rel=\"noopener\">info@solidiberia.com<\/a><\/li><li><strong>N\u00famero de tel\u00e9fono:<\/strong> +34 951 331 269<\/li><\/ul><p>Solid Iberia, SL est\u00e1 registrada en Espa\u00f1a y cumple con las leyes nacionales aplicables y las regulaciones de la Uni\u00f3n Europea. Para cualquier consulta o aclaraci\u00f3n, comun\u00edquese con nosotros a trav\u00e9s de la informaci\u00f3n de contacto indicada anteriormente.<\/p><p>\u00a0<\/p><p><strong>2. Acceso al sitio web y condiciones de uso<\/strong><br \/>Al acceder al Sitio Web, usted reconoce y acepta utilizarlo \u00fanicamente con fines l\u00edcitos. El uso no autorizado o il\u00edcito del Sitio Web y su contenido puede dar lugar a acciones legales por parte de Solid Iberia, SL. El uso del Sitio Web de cualquier forma que pueda da\u00f1ar, inutilizar, sobrecargar o deteriorar el Sitio Web o interferir con el uso y disfrute del Sitio Web por parte de terceros est\u00e1 estrictamente prohibido.<\/p><p>\u00a0<\/p><p><strong>3. Derechos de propiedad intelectual<\/strong><br \/>Todo el contenido del Sitio Web, incluyendo pero no limitado a texto, im\u00e1genes, logotipos, marcas comerciales y software, es propiedad exclusiva de Solid Iberia, SL o sus licenciantes, y est\u00e1 protegido por las leyes nacionales e internacionales de derechos de autor, marcas comerciales y propiedad intelectual.<\/p><ul><li><strong>Uso permitido:<\/strong> A los usuarios se les concede una licencia limitada, no exclusiva e intransferible para acceder y ver el contenido \u00fanicamente para fines personales y no comerciales.<\/li><li><strong>Restricciones:<\/strong> Queda prohibida cualquier reproducci\u00f3n, distribuci\u00f3n, modificaci\u00f3n, transmisi\u00f3n o exhibici\u00f3n p\u00fablica de los contenidos sin el permiso previo y por escrito de Solid Iberia, SL. El uso no autorizado de nuestros derechos de propiedad intelectual puede dar lugar a sanciones civiles o penales.<\/li><\/ul><p>\u00a0<\/p><p><strong>4. Limitaci\u00f3n de responsabilidad<\/strong><br \/>Solid Iberia, SL se esfuerza por garantizar que la informaci\u00f3n de este sitio web sea precisa y est\u00e9 actualizada. Sin embargo, el sitio web se proporciona \u201ctal cual\u201d y \u201cseg\u00fan disponibilidad\u201d. No ofrecemos garant\u00edas de ning\u00fan tipo, expresas o impl\u00edcitas, con respecto a la integridad, precisi\u00f3n, fiabilidad o idoneidad de la informaci\u00f3n o el contenido del sitio web.<\/p><ul><li><strong>Descargo de responsabilidad de garant\u00edas:<\/strong> En la m\u00e1xima medida permitida por la ley, Solid Iberia, SL renuncia a todas las garant\u00edas, expresas o impl\u00edcitas, incluidas, entre otras, las garant\u00edas impl\u00edcitas de comerciabilidad, idoneidad para un prop\u00f3sito particular y no infracci\u00f3n.<\/li><li><strong>Limitaci\u00f3n de da\u00f1os:<\/strong> Solid Iberia, SL no ser\u00e1 responsable de ning\u00fan da\u00f1o indirecto, incidental, especial o consecuente, incluyendo pero no limitado a p\u00e9rdida de ingresos, beneficios, datos o fondo de comercio, que surja de o en conexi\u00f3n con el uso del sitio web.<\/li><\/ul><p>\u00a0<\/p><p><strong>5. Enlaces a sitios web de terceros<\/strong><br \/>El Sitio Web puede contener enlaces a sitios web externos o recursos operados por terceros. Estos enlaces se proporcionan \u00fanicamente para la conveniencia de nuestros usuarios, y Solid Iberia, SL no respalda ni asume responsabilidad alguna por el contenido, las pol\u00edticas de privacidad o las pr\u00e1cticas de estos sitios de terceros. Le recomendamos que revise los t\u00e9rminos y pol\u00edticas de cualquier sitio externo que visite, ya que este Aviso Legal no se aplica a los sitios web de terceros.<\/p><p>\u00a0<\/p><p><strong>6. Privacidad y Protecci\u00f3n de Datos<\/strong><br \/>Solid Iberia, SL se compromete a proteger la privacidad de nuestros usuarios. La informaci\u00f3n personal recopilada a trav\u00e9s del Sitio Web se maneja de acuerdo con nuestra Pol\u00edtica de Privacidad. <a href=\"https:\/\/solidiberia.com\/es\/privacy-policy\/\" rel=\"noopener\">Pol\u00edtica de Privacidad<\/a>, que proporciona detalles sobre la recopilaci\u00f3n, el uso y la retenci\u00f3n de datos, as\u00ed como sobre los derechos de los titulares de los datos. Al utilizar el sitio web, usted acepta las pr\u00e1cticas descritas en nuestra Pol\u00edtica de privacidad.<\/p><p>\u00a0<\/p><p><strong>7. Responsabilidades del usuario y c\u00f3digo de conducta<\/strong><br \/>Los usuarios se comprometen a abstenerse de cualquier acci\u00f3n que pueda comprometer la seguridad, funcionalidad o integridad del Sitio Web. Esto incluye, pero no se limita a:<\/p><ul><li><strong>Conducta prohibida:<\/strong> Cargar virus, software malicioso u otro c\u00f3digo da\u00f1ino; participar en intentos de acceso no autorizado o extracci\u00f3n de datos; hacerse pasar por otras personas o entidades.<\/li><li><strong>Respeto a la propiedad intelectual:<\/strong> Los usuarios tienen prohibido violar los derechos de autor, marca registrada o cualquier otro derecho de propiedad de Solid Iberia, SL o de terceros.<\/li><\/ul><p>\u00a0<\/p><p><strong>8. Modificaciones del Aviso Legal<\/strong><br \/>Solid Iberia, SL se reserva el derecho de modificar o actualizar este Aviso Legal en cualquier momento y sin previo aviso. Cualquier modificaci\u00f3n ser\u00e1 efectiva inmediatamente despu\u00e9s de su publicaci\u00f3n. El uso continuado del Sitio Web despu\u00e9s de la publicaci\u00f3n de los cambios constituye la aceptaci\u00f3n de los t\u00e9rminos actualizados. Recomendamos revisar peri\u00f3dicamente esta p\u00e1gina para comprobar si se han producido cambios.<\/p><p>\u00a0<\/p><p><strong>9. Ley aplicable y jurisdicci\u00f3n<\/strong><br \/>El presente Aviso Legal y cualquier controversia que pudiera derivarse de su uso del Sitio Web se regir\u00e1n e interpretar\u00e1n de conformidad con las leyes de Espa\u00f1a. Los Usuarios acuerdan someterse a la jurisdicci\u00f3n de los juzgados y tribunales de M\u00e1laga, Espa\u00f1a, para cualquier controversia que pudiera derivarse de o en relaci\u00f3n con el presente Aviso Legal o el uso del Sitio Web.<\/p><p>\u00a0<\/p><p><strong>10. Contacto y resoluci\u00f3n de quejas<\/strong><br \/>Para cualquier pregunta o inquietud con respecto a este Aviso Legal, el uso del Sitio Web o las pr\u00e1cticas de procesamiento de datos, comun\u00edquese con nuestro Responsable de Quejas:<\/p><ul><li><strong>Gestor de quejas<\/strong><br \/>Solid Iberia, S.L.<br \/>Calle Camino del Pinar, 16, M\u00e1laga 29602, Spain<br \/>Correo electr\u00f3nico: <a rel=\"noopener\">info@solidiberia.com<\/a><\/li><\/ul><p>Abordaremos sus inquietudes con prontitud y de acuerdo con las leyes aplicables.<\/p>\t\t\t\t\t\t\t\t<\/div>\n\t\t\t\t<\/div>\n\t\t\t\t\t<\/div>\n\t\t\t\t<\/div>\n\t\t\t\t<\/div>","protected":false},"excerpt":{"rendered":"<p>Effective Date: 24-Oct-2024Last Updated: 24-Oct-2024 \u00a0 This Legal Notice governs the access and use of https:\/\/solidiberia.com (hereafter &#8220;the Website&#8221;), owned and operated by Solid Iberia, S.L. By accessing or using the Website, you accept the terms and conditions outlined in this Legal Notice. If you disagree with these terms, please refrain from accessing or using [&hellip;]<\/p>\n","protected":false},"author":1,"featured_media":0,"parent":0,"menu_order":0,"comment_status":"closed","ping_status":"closed","template":"","meta":{"footnotes":""},"class_list":["post-4507","page","type-page","status-publish","hentry"],"yoast_head":"<!-- This site is optimized with the Yoast SEO Premium plugin v23.8 (Yoast SEO v27.4) - https:\/\/yoast.com\/product\/yoast-seo-premium-wordpress\/ -->\n<title>Solid Iberia Legal Advice and Terms of Use<\/title>\n<meta name=\"description\" content=\"Learn about Solid Iberia\u2019s legal guidelines and terms of use, ensuring transparency and clarity in our consulting services.\" \/>\n<meta name=\"robots\" content=\"noindex, nofollow\" \/>\n<meta property=\"og:locale\" content=\"es_ES\" \/>\n<meta property=\"og:type\" content=\"article\" \/>\n<meta property=\"og:title\" content=\"Solid Iberia Legal Advice and Terms of Use\" \/>\n<meta property=\"og:description\" content=\"Learn about Solid Iberia\u2019s legal guidelines and terms of use, ensuring transparency and clarity in our consulting services.\" \/>\n<meta property=\"og:url\" content=\"https:\/\/solidiberia.com\/es\/legal-advice\/\" \/>\n<meta property=\"og:site_name\" content=\"SOLID IBERIA\" \/>\n<meta property=\"article:modified_time\" content=\"2024-11-14T14:06:33+00:00\" \/>\n<meta property=\"og:image\" content=\"https:\/\/solidiberia.com\/wp-content\/uploads\/2024\/10\/icono.png\" \/>\n\t<meta property=\"og:image:width\" content=\"1142\" \/>\n\t<meta property=\"og:image:height\" content=\"1124\" \/>\n\t<meta property=\"og:image:type\" content=\"image\/png\" \/>\n<meta name=\"twitter:card\" content=\"summary_large_image\" \/>\n<meta name=\"twitter:title\" content=\"Legal Advice\" \/>\n<meta name=\"twitter:label1\" content=\"Tiempo de lectura\" \/>\n\t<meta name=\"twitter:data1\" content=\"4 minutos\" \/>\n<script type=\"application\/ld+json\" class=\"yoast-schema-graph\">{\"@context\":\"https:\\\/\\\/schema.org\",\"@graph\":[{\"@type\":\"WebPage\",\"@id\":\"https:\\\/\\\/solidiberia.com\\\/legal-advice\",\"url\":\"https:\\\/\\\/solidiberia.com\\\/legal-advice\",\"name\":\"Solid Iberia Legal Advice and Terms of Use\",\"isPartOf\":{\"@id\":\"https:\\\/\\\/solidiberia.com\\\/#website\"},\"datePublished\":\"2024-10-24T16:32:21+00:00\",\"dateModified\":\"2024-11-14T14:06:33+00:00\",\"description\":\"Learn about Solid Iberia\u2019s legal guidelines and terms of use, ensuring transparency and clarity in our consulting services.\",\"breadcrumb\":{\"@id\":\"https:\\\/\\\/solidiberia.com\\\/legal-advice#breadcrumb\"},\"inLanguage\":\"es\",\"potentialAction\":[{\"@type\":\"ReadAction\",\"target\":[\"https:\\\/\\\/solidiberia.com\\\/legal-advice\"]}]},{\"@type\":\"BreadcrumbList\",\"@id\":\"https:\\\/\\\/solidiberia.com\\\/legal-advice#breadcrumb\",\"itemListElement\":[{\"@type\":\"ListItem\",\"position\":1,\"name\":\"Home\",\"item\":\"https:\\\/\\\/solidiberia.com\\\/\"},{\"@type\":\"ListItem\",\"position\":2,\"name\":\"Legal Advice\"}]},{\"@type\":\"WebSite\",\"@id\":\"https:\\\/\\\/solidiberia.com\\\/#website\",\"url\":\"https:\\\/\\\/solidiberia.com\\\/\",\"name\":\"SOLID IBERIA\",\"description\":\"Consulting, Marketing and Insurance Services\",\"publisher\":{\"@id\":\"https:\\\/\\\/solidiberia.com\\\/#organization\"},\"potentialAction\":[{\"@type\":\"SearchAction\",\"target\":{\"@type\":\"EntryPoint\",\"urlTemplate\":\"https:\\\/\\\/solidiberia.com\\\/?s={search_term_string}\"},\"query-input\":{\"@type\":\"PropertyValueSpecification\",\"valueRequired\":true,\"valueName\":\"search_term_string\"}}],\"inLanguage\":\"es\"},{\"@type\":\"Organization\",\"@id\":\"https:\\\/\\\/solidiberia.com\\\/#organization\",\"name\":\"SOLID IBERIA\",\"url\":\"https:\\\/\\\/solidiberia.com\\\/\",\"logo\":{\"@type\":\"ImageObject\",\"inLanguage\":\"es\",\"@id\":\"https:\\\/\\\/solidiberia.com\\\/#\\\/schema\\\/logo\\\/image\\\/\",\"url\":\"https:\\\/\\\/solidiberia.com\\\/wp-content\\\/uploads\\\/2024\\\/10\\\/cropped-logo-solid-nuevo-2.png\",\"contentUrl\":\"https:\\\/\\\/solidiberia.com\\\/wp-content\\\/uploads\\\/2024\\\/10\\\/cropped-logo-solid-nuevo-2.png\",\"width\":4441,\"height\":1116,\"caption\":\"SOLID IBERIA\"},\"image\":{\"@id\":\"https:\\\/\\\/solidiberia.com\\\/#\\\/schema\\\/logo\\\/image\\\/\"},\"sameAs\":[\"https:\\\/\\\/www.linkedin.com\\\/company\\\/solid-iberia\\\/\"],\"email\":\"info@solidiberia.com\",\"telephone\":\"+34951331269\",\"legalName\":\"Solid Iberia, S.L.\",\"foundingDate\":\"2013-09-13\",\"vatID\":\"B93280071\",\"taxID\":\"B93280071\",\"ownershipFundingInfo\":\"https:\\\/\\\/solidiberia.com\\\/legal-advice\",\"actionableFeedbackPolicy\":\"https:\\\/\\\/solidiberia.com\\\/transparency-policy\",\"correctionsPolicy\":\"https:\\\/\\\/solidiberia.com\\\/legal-advice\",\"ethicsPolicy\":\"https:\\\/\\\/solidiberia.com\\\/transparency-policy\"}]}<\/script>\n<!-- \/ Yoast SEO Premium plugin. -->","yoast_head_json":{"title":"Aviso Legal y Condiciones de Uso de Solid Iberia","description":"Conozca las normas legales y t\u00e9rminos de uso de Solid Iberia, garantizando transparencia y claridad en nuestros servicios de consultor\u00eda.","robots":{"index":"noindex","follow":"nofollow"},"og_locale":"es_ES","og_type":"article","og_title":"Solid Iberia Legal Advice and Terms of Use","og_description":"Learn about Solid Iberia\u2019s legal guidelines and terms of use, ensuring transparency and clarity in our consulting services.","og_url":"https:\/\/solidiberia.com\/es\/legal-advice\/","og_site_name":"SOLID IBERIA","article_modified_time":"2024-11-14T14:06:33+00:00","og_image":[{"width":1142,"height":1124,"url":"https:\/\/solidiberia.com\/wp-content\/uploads\/2024\/10\/icono.png","type":"image\/png"}],"twitter_card":"summary_large_image","twitter_title":"Legal Advice","twitter_misc":{"Tiempo de lectura":"4 minutos"},"schema":{"@context":"https:\/\/schema.org","@graph":[{"@type":"WebPage","@id":"https:\/\/solidiberia.com\/legal-advice","url":"https:\/\/solidiberia.com\/legal-advice","name":"Aviso Legal y Condiciones de Uso de Solid Iberia","isPartOf":{"@id":"https:\/\/solidiberia.com\/#website"},"datePublished":"2024-10-24T16:32:21+00:00","dateModified":"2024-11-14T14:06:33+00:00","description":"Conozca las normas legales y t\u00e9rminos de uso de Solid Iberia, garantizando transparencia y claridad en nuestros servicios de consultor\u00eda.","breadcrumb":{"@id":"https:\/\/solidiberia.com\/legal-advice#breadcrumb"},"inLanguage":"es","potentialAction":[{"@type":"ReadAction","target":["https:\/\/solidiberia.com\/legal-advice"]}]},{"@type":"BreadcrumbList","@id":"https:\/\/solidiberia.com\/legal-advice#breadcrumb","itemListElement":[{"@type":"ListItem","position":1,"name":"Home","item":"https:\/\/solidiberia.com\/"},{"@type":"ListItem","position":2,"name":"Legal Advice"}]},{"@type":"WebSite","@id":"https:\/\/solidiberia.com\/#website","url":"https:\/\/solidiberia.com\/","name":"SOLID IBERIA","description":"Servicios de Consultor\u00eda, Marketing y Seguros","publisher":{"@id":"https:\/\/solidiberia.com\/#organization"},"potentialAction":[{"@type":"SearchAction","target":{"@type":"EntryPoint","urlTemplate":"https:\/\/solidiberia.com\/?s={search_term_string}"},"query-input":{"@type":"PropertyValueSpecification","valueRequired":true,"valueName":"search_term_string"}}],"inLanguage":"es"},{"@type":"Organization","@id":"https:\/\/solidiberia.com\/#organization","name":"SOLID IBERIA","url":"https:\/\/solidiberia.com\/","logo":{"@type":"ImageObject","inLanguage":"es","@id":"https:\/\/solidiberia.com\/#\/schema\/logo\/image\/","url":"https:\/\/solidiberia.com\/wp-content\/uploads\/2024\/10\/cropped-logo-solid-nuevo-2.png","contentUrl":"https:\/\/solidiberia.com\/wp-content\/uploads\/2024\/10\/cropped-logo-solid-nuevo-2.png","width":4441,"height":1116,"caption":"SOLID IBERIA"},"image":{"@id":"https:\/\/solidiberia.com\/#\/schema\/logo\/image\/"},"sameAs":["https:\/\/www.linkedin.com\/company\/solid-iberia\/"],"email":"info@solidiberia.com","telephone":"+34951331269","legalName":"Solid Iberia, S.L.","foundingDate":"2013-09-13","vatID":"B93280071","taxID":"B93280071","ownershipFundingInfo":"https:\/\/solidiberia.com\/legal-advice","actionableFeedbackPolicy":"https:\/\/solidiberia.com\/transparency-policy","correctionsPolicy":"https:\/\/solidiberia.com\/legal-advice","ethicsPolicy":"https:\/\/solidiberia.com\/transparency-policy"}]}},"_links":{"self":[{"href":"https:\/\/solidiberia.com\/es\/wp-json\/wp\/v2\/pages\/4507","targetHints":{"allow":["GET"]}}],"collection":[{"href":"https:\/\/solidiberia.com\/es\/wp-json\/wp\/v2\/pages"}],"about":[{"href":"https:\/\/solidiberia.com\/es\/wp-json\/wp\/v2\/types\/page"}],"author":[{"embeddable":true,"href":"https:\/\/solidiberia.com\/es\/wp-json\/wp\/v2\/users\/1"}],"replies":[{"embeddable":true,"href":"https:\/\/solidiberia.com\/es\/wp-json\/wp\/v2\/comments?post=4507"}],"version-history":[{"count":0,"href":"https:\/\/solidiberia.com\/es\/wp-json\/wp\/v2\/pages\/4507\/revisions"}],"wp:attachment":[{"href":"https:\/\/solidiberia.com\/es\/wp-json\/wp\/v2\/media?parent=4507"}],"curies":[{"name":"wp","href":"https:\/\/api.w.org\/{rel}","templated":true}]}}