{"id":4505,"date":"2024-10-24T17:31:22","date_gmt":"2024-10-24T16:31:22","guid":{"rendered":"https:\/\/solidiberia.com\/?page_id=4505"},"modified":"2024-11-18T19:04:35","modified_gmt":"2024-11-18T18:04:35","slug":"privacy-policy","status":"publish","type":"page","link":"https:\/\/solidiberia.com\/es\/privacy-policy","title":{"rendered":"Pol\u00edtica de Privacidad"},"content":{"rendered":"<div data-elementor-type=\"wp-page\" data-elementor-id=\"4505\" class=\"elementor elementor-4505\">\n\t\t\t\t<div class=\"elementor-element elementor-element-729b9b1d e-flex e-con-boxed e-con e-parent\" data-id=\"729b9b1d\" data-element_type=\"container\" data-e-type=\"container\">\n\t\t\t\t\t<div class=\"e-con-inner\">\n\t\t\t\t<div class=\"elementor-element elementor-element-59551a19 elementor-widget elementor-widget-text-editor\" data-id=\"59551a19\" data-element_type=\"widget\" data-e-type=\"widget\" data-widget_type=\"text-editor.default\">\n\t\t\t\t<div class=\"elementor-widget-container\">\n\t\t\t\t\t\t\t\t\t<p><strong>\u00daltima actualizaci\u00f3n: 24 de octubre de 2024<\/strong><br \/><strong>Fecha de entrada en vigor: 24 de octubre de 2024<\/strong><\/p><p>Esta Pol\u00edtica de privacidad describe las pol\u00edticas de <strong>Solid Iberia, S.L.<\/strong> con respecto a la recopilaci\u00f3n, uso y divulgaci\u00f3n de su informaci\u00f3n personal cuando utiliza nuestro sitio web <a href=\"https:\/\/solidiberia.com\/es\/\" target=\"_new\" rel=\"noopener\">https:\/\/solidiberia.com<\/a> (el \u201cServicio\u201d). Al acceder o utilizar nuestro Servicio, usted acepta los t\u00e9rminos de esta Pol\u00edtica de privacidad. Si no acepta estos t\u00e9rminos, abst\u00e9ngase de acceder o utilizar el Servicio.<\/p><p><strong>1. Informaci\u00f3n de contacto<\/strong><\/p><p><strong>Solid Iberia, S.L.<\/strong><br \/>Address: Calle Camino del Pinar, 16, M\u00e1laga 29602, Spain<br \/>Correo electr\u00f3nico: <a rel=\"noopener\">info@solidiberia.com<\/a><br \/>Tel\u00e9fono: +34 951 331 269<\/p><p><strong>2. Actualizaciones de pol\u00edticas<\/strong><\/p><p>Podemos modificar esta Pol\u00edtica de privacidad en cualquier momento. Los cambios se publicar\u00e1n en esta p\u00e1gina y la Pol\u00edtica revisada entrar\u00e1 en vigor 180 d\u00edas despu\u00e9s de su publicaci\u00f3n. Recomendamos revisar esta p\u00e1gina peri\u00f3dicamente para ver si hay actualizaciones.<\/p><p><strong>3. Informaci\u00f3n que recopilamos<\/strong><\/p><p>Podemos recopilar y procesar la siguiente informaci\u00f3n personal:<\/p><ul><li><strong>Nombre<\/strong><\/li><li><strong>Correo electr\u00f3nico<\/strong><\/li><li><strong>N\u00famero de tel\u00e9fono m\u00f3vil<\/strong><\/li><\/ul><p><strong>4. Retenci\u00f3n de informaci\u00f3n<\/strong><\/p><p>Conservamos la informaci\u00f3n personal durante un m\u00ednimo de 90 d\u00edas y hasta 2 a\u00f1os despu\u00e9s de que se cancele su cuenta, o durante el tiempo que sea necesario para cumplir con los fines para los que se recopil\u00f3. En los casos en que se apliquen requisitos legales, de mantenimiento de registros u otros requisitos leg\u00edtimos (como hacer cumplir derechos legales o prevenir fraudes), podemos conservar ciertos datos durante un per\u00edodo m\u00e1s largo. La informaci\u00f3n an\u00f3nima o agregada que no lo identifique directamente puede conservarse indefinidamente.<\/p><p><strong>5. Sus derechos<\/strong><\/p><p>Dependiendo de las leyes aplicables, usted puede tener derecho a:<\/p><ul><li>Acceder, corregir o eliminar sus datos personales<\/li><li>Obtenga una copia de sus datos<\/li><li>Restringir u oponerse al procesamiento activo de datos<\/li><li>Solicitar la cesi\u00f3n de sus datos a otra entidad<\/li><li>Retirar cualquier consentimiento previamente otorgado para el procesamiento de datos<\/li><li>Presentar una queja ante una autoridad legal pertinente<\/li><\/ul><p>Para ejercer cualquiera de estos derechos, env\u00edenos un correo electr\u00f3nico a <a rel=\"noopener\">info@solidiberia.com<\/a>Responderemos de conformidad con las leyes aplicables. Tenga en cuenta que retirar el consentimiento puede limitar su acceso a determinados servicios.<\/p><p><strong>6. Seguridad<\/strong><\/p><p>Priorizamos la seguridad de su informaci\u00f3n e implementamos medidas de seguridad razonables para evitar el acceso no autorizado, el uso indebido o la alteraci\u00f3n. Sin embargo, dados los riesgos inherentes, no podemos garantizar una seguridad absoluta y no asumimos ninguna responsabilidad por la informaci\u00f3n que nos transmita, lo cual usted hace bajo su propio riesgo.<\/p><p><strong>7. Enlaces de terceros<\/strong><\/p><p>Nuestro Servicio puede contener enlaces a sitios web externos. Esta Pol\u00edtica de privacidad no cubre las pr\u00e1cticas de privacidad ni el contenido de estos sitios de terceros. Le recomendamos que revise las pol\u00edticas de privacidad de cualquier sitio externo que visite, ya que no asumimos ninguna responsabilidad por su contenido o pr\u00e1cticas.<\/p><p><strong>8. Responsable de reclamaciones\/protecci\u00f3n de datos<\/strong><\/p><p>Para preguntas o inquietudes respecto al procesamiento de datos, por favor contacte con nuestro Delegado de Protecci\u00f3n de Datos:<\/p><p><strong>Gestor de quejas<\/strong><br \/>Solid Iberia, S.L.<br \/>Address: Calle Camino del Pinar, 16, M\u00e1laga 29602, Spain<br \/>Correo electr\u00f3nico: <a rel=\"noopener\">info@solidiberia.com<\/a><\/p><p>Abordaremos sus inquietudes de acuerdo con la legislaci\u00f3n aplicable.<\/p>\t\t\t\t\t\t\t\t<\/div>\n\t\t\t\t<\/div>\n\t\t\t\t\t<\/div>\n\t\t\t\t<\/div>\n\t\t\t\t<\/div>","protected":false},"excerpt":{"rendered":"<p>Last Updated: 24-Oct-2024Effective Date: 24-Oct-2024 This Privacy Policy outlines the policies of Solid Iberia, S.L. regarding the collection, use, and disclosure of your personal information when you use our website https:\/\/solidiberia.com (the &#8220;Service&#8221;). By accessing or using our Service, you agree to the terms of this Privacy Policy. If you do not consent to these [&hellip;]<\/p>\n","protected":false},"author":1,"featured_media":0,"parent":0,"menu_order":0,"comment_status":"closed","ping_status":"closed","template":"","meta":{"footnotes":""},"class_list":["post-4505","page","type-page","status-publish","hentry"],"yoast_head":"<!-- This site is optimized with the Yoast SEO Premium plugin v23.8 (Yoast SEO v27.4) - https:\/\/yoast.com\/product\/yoast-seo-premium-wordpress\/ -->\n<title>Solid Iberia Privacy Policy - Your Data Protection<\/title>\n<meta name=\"description\" content=\"Discover how Solid Iberia manages and protects your data in compliance with privacy regulations. Read our full privacy policy.\" \/>\n<meta name=\"robots\" content=\"noindex, nofollow\" \/>\n<meta property=\"og:locale\" content=\"es_ES\" \/>\n<meta property=\"og:type\" content=\"article\" \/>\n<meta property=\"og:title\" content=\"Solid Iberia Privacy Policy - Your Data Protection\" \/>\n<meta property=\"og:description\" content=\"Discover how Solid Iberia manages and protects your data in compliance with privacy regulations. Read our full privacy policy.\" \/>\n<meta property=\"og:url\" content=\"https:\/\/solidiberia.com\/es\/privacy-policy\/\" \/>\n<meta property=\"og:site_name\" content=\"SOLID IBERIA\" \/>\n<meta property=\"article:modified_time\" content=\"2024-11-18T18:04:35+00:00\" \/>\n<meta property=\"og:image\" content=\"https:\/\/solidiberia.com\/wp-content\/uploads\/2024\/10\/cropped-icono.png\" \/>\n\t<meta property=\"og:image:width\" content=\"512\" \/>\n\t<meta property=\"og:image:height\" content=\"512\" \/>\n\t<meta property=\"og:image:type\" content=\"image\/png\" \/>\n<meta name=\"twitter:card\" content=\"summary_large_image\" \/>\n<meta name=\"twitter:title\" content=\"Privacy Policy\" \/>\n<meta name=\"twitter:label1\" content=\"Tiempo de lectura\" \/>\n\t<meta name=\"twitter:data1\" content=\"2 minutos\" \/>\n<script type=\"application\/ld+json\" class=\"yoast-schema-graph\">{\"@context\":\"https:\\\/\\\/schema.org\",\"@graph\":[{\"@type\":\"WebPage\",\"@id\":\"https:\\\/\\\/solidiberia.com\\\/en\\\/privacy-policy\",\"url\":\"https:\\\/\\\/solidiberia.com\\\/en\\\/privacy-policy\",\"name\":\"Solid Iberia Privacy Policy - Your Data Protection\",\"isPartOf\":{\"@id\":\"https:\\\/\\\/solidiberia.com\\\/#website\"},\"datePublished\":\"2024-10-24T16:31:22+00:00\",\"dateModified\":\"2024-11-18T18:04:35+00:00\",\"description\":\"Discover how Solid Iberia manages and protects your data in compliance with privacy regulations. Read our full privacy policy.\",\"breadcrumb\":{\"@id\":\"https:\\\/\\\/solidiberia.com\\\/en\\\/privacy-policy#breadcrumb\"},\"inLanguage\":\"es\",\"potentialAction\":[{\"@type\":\"ReadAction\",\"target\":[\"https:\\\/\\\/solidiberia.com\\\/en\\\/privacy-policy\"]}]},{\"@type\":\"BreadcrumbList\",\"@id\":\"https:\\\/\\\/solidiberia.com\\\/en\\\/privacy-policy#breadcrumb\",\"itemListElement\":[{\"@type\":\"ListItem\",\"position\":1,\"name\":\"Home\",\"item\":\"https:\\\/\\\/solidiberia.com\\\/\"},{\"@type\":\"ListItem\",\"position\":2,\"name\":\"Privacy Policy\"}]},{\"@type\":\"WebSite\",\"@id\":\"https:\\\/\\\/solidiberia.com\\\/#website\",\"url\":\"https:\\\/\\\/solidiberia.com\\\/\",\"name\":\"SOLID IBERIA\",\"description\":\"Consulting, Marketing and Insurance Services\",\"publisher\":{\"@id\":\"https:\\\/\\\/solidiberia.com\\\/#organization\"},\"potentialAction\":[{\"@type\":\"SearchAction\",\"target\":{\"@type\":\"EntryPoint\",\"urlTemplate\":\"https:\\\/\\\/solidiberia.com\\\/?s={search_term_string}\"},\"query-input\":{\"@type\":\"PropertyValueSpecification\",\"valueRequired\":true,\"valueName\":\"search_term_string\"}}],\"inLanguage\":\"es\"},{\"@type\":\"Organization\",\"@id\":\"https:\\\/\\\/solidiberia.com\\\/#organization\",\"name\":\"SOLID IBERIA\",\"url\":\"https:\\\/\\\/solidiberia.com\\\/\",\"logo\":{\"@type\":\"ImageObject\",\"inLanguage\":\"es\",\"@id\":\"https:\\\/\\\/solidiberia.com\\\/#\\\/schema\\\/logo\\\/image\\\/\",\"url\":\"https:\\\/\\\/solidiberia.com\\\/wp-content\\\/uploads\\\/2024\\\/10\\\/cropped-logo-solid-nuevo-2.png\",\"contentUrl\":\"https:\\\/\\\/solidiberia.com\\\/wp-content\\\/uploads\\\/2024\\\/10\\\/cropped-logo-solid-nuevo-2.png\",\"width\":4441,\"height\":1116,\"caption\":\"SOLID IBERIA\"},\"image\":{\"@id\":\"https:\\\/\\\/solidiberia.com\\\/#\\\/schema\\\/logo\\\/image\\\/\"},\"sameAs\":[\"https:\\\/\\\/www.linkedin.com\\\/company\\\/solid-iberia\\\/\"],\"email\":\"info@solidiberia.com\",\"telephone\":\"+34951331269\",\"legalName\":\"Solid Iberia, S.L.\",\"foundingDate\":\"2013-09-13\",\"vatID\":\"B93280071\",\"taxID\":\"B93280071\",\"ownershipFundingInfo\":\"https:\\\/\\\/solidiberia.com\\\/legal-advice\",\"actionableFeedbackPolicy\":\"https:\\\/\\\/solidiberia.com\\\/transparency-policy\",\"correctionsPolicy\":\"https:\\\/\\\/solidiberia.com\\\/legal-advice\",\"ethicsPolicy\":\"https:\\\/\\\/solidiberia.com\\\/transparency-policy\"}]}<\/script>\n<!-- \/ Yoast SEO Premium plugin. -->","yoast_head_json":{"title":"Pol\u00edtica de Privacidad de Solid Iberia - Tu Protecci\u00f3n de Datos","description":"Descubre c\u00f3mo Solid Iberia gestiona y protege tus datos cumpliendo la normativa de privacidad. Lee nuestra pol\u00edtica de privacidad completa.","robots":{"index":"noindex","follow":"nofollow"},"og_locale":"es_ES","og_type":"article","og_title":"Solid Iberia Privacy Policy - Your Data Protection","og_description":"Discover how Solid Iberia manages and protects your data in compliance with privacy regulations. Read our full privacy policy.","og_url":"https:\/\/solidiberia.com\/es\/privacy-policy\/","og_site_name":"SOLID IBERIA","article_modified_time":"2024-11-18T18:04:35+00:00","og_image":[{"width":512,"height":512,"url":"https:\/\/solidiberia.com\/wp-content\/uploads\/2024\/10\/cropped-icono.png","type":"image\/png"}],"twitter_card":"summary_large_image","twitter_title":"Privacy Policy","twitter_misc":{"Tiempo de lectura":"2 minutos"},"schema":{"@context":"https:\/\/schema.org","@graph":[{"@type":"WebPage","@id":"https:\/\/solidiberia.com\/en\/privacy-policy","url":"https:\/\/solidiberia.com\/en\/privacy-policy","name":"Pol\u00edtica de Privacidad de Solid Iberia - Tu Protecci\u00f3n de Datos","isPartOf":{"@id":"https:\/\/solidiberia.com\/#website"},"datePublished":"2024-10-24T16:31:22+00:00","dateModified":"2024-11-18T18:04:35+00:00","description":"Descubre c\u00f3mo Solid Iberia gestiona y protege tus datos cumpliendo la normativa de privacidad. Lee nuestra pol\u00edtica de privacidad completa.","breadcrumb":{"@id":"https:\/\/solidiberia.com\/en\/privacy-policy#breadcrumb"},"inLanguage":"es","potentialAction":[{"@type":"ReadAction","target":["https:\/\/solidiberia.com\/en\/privacy-policy"]}]},{"@type":"BreadcrumbList","@id":"https:\/\/solidiberia.com\/en\/privacy-policy#breadcrumb","itemListElement":[{"@type":"ListItem","position":1,"name":"Home","item":"https:\/\/solidiberia.com\/"},{"@type":"ListItem","position":2,"name":"Privacy Policy"}]},{"@type":"WebSite","@id":"https:\/\/solidiberia.com\/#website","url":"https:\/\/solidiberia.com\/","name":"SOLID IBERIA","description":"Servicios de Consultor\u00eda, Marketing y Seguros","publisher":{"@id":"https:\/\/solidiberia.com\/#organization"},"potentialAction":[{"@type":"SearchAction","target":{"@type":"EntryPoint","urlTemplate":"https:\/\/solidiberia.com\/?s={search_term_string}"},"query-input":{"@type":"PropertyValueSpecification","valueRequired":true,"valueName":"search_term_string"}}],"inLanguage":"es"},{"@type":"Organization","@id":"https:\/\/solidiberia.com\/#organization","name":"SOLID IBERIA","url":"https:\/\/solidiberia.com\/","logo":{"@type":"ImageObject","inLanguage":"es","@id":"https:\/\/solidiberia.com\/#\/schema\/logo\/image\/","url":"https:\/\/solidiberia.com\/wp-content\/uploads\/2024\/10\/cropped-logo-solid-nuevo-2.png","contentUrl":"https:\/\/solidiberia.com\/wp-content\/uploads\/2024\/10\/cropped-logo-solid-nuevo-2.png","width":4441,"height":1116,"caption":"SOLID IBERIA"},"image":{"@id":"https:\/\/solidiberia.com\/#\/schema\/logo\/image\/"},"sameAs":["https:\/\/www.linkedin.com\/company\/solid-iberia\/"],"email":"info@solidiberia.com","telephone":"+34951331269","legalName":"Solid Iberia, S.L.","foundingDate":"2013-09-13","vatID":"B93280071","taxID":"B93280071","ownershipFundingInfo":"https:\/\/solidiberia.com\/legal-advice","actionableFeedbackPolicy":"https:\/\/solidiberia.com\/transparency-policy","correctionsPolicy":"https:\/\/solidiberia.com\/legal-advice","ethicsPolicy":"https:\/\/solidiberia.com\/transparency-policy"}]}},"_links":{"self":[{"href":"https:\/\/solidiberia.com\/es\/wp-json\/wp\/v2\/pages\/4505","targetHints":{"allow":["GET"]}}],"collection":[{"href":"https:\/\/solidiberia.com\/es\/wp-json\/wp\/v2\/pages"}],"about":[{"href":"https:\/\/solidiberia.com\/es\/wp-json\/wp\/v2\/types\/page"}],"author":[{"embeddable":true,"href":"https:\/\/solidiberia.com\/es\/wp-json\/wp\/v2\/users\/1"}],"replies":[{"embeddable":true,"href":"https:\/\/solidiberia.com\/es\/wp-json\/wp\/v2\/comments?post=4505"}],"version-history":[{"count":0,"href":"https:\/\/solidiberia.com\/es\/wp-json\/wp\/v2\/pages\/4505\/revisions"}],"wp:attachment":[{"href":"https:\/\/solidiberia.com\/es\/wp-json\/wp\/v2\/media?parent=4505"}],"curies":[{"name":"wp","href":"https:\/\/api.w.org\/{rel}","templated":true}]}}