{"id":4006,"date":"2024-10-24T17:15:24","date_gmt":"2024-10-24T16:15:24","guid":{"rendered":"https:\/\/demo.casethemes.net\/consultio-law\/?page_id=3992"},"modified":"2024-11-14T15:05:08","modified_gmt":"2024-11-14T14:05:08","slug":"cookies-policy","status":"publish","type":"page","link":"https:\/\/solidiberia.com\/es\/cookies-policy","title":{"rendered":"Pol\u00edtica de Cookies"},"content":{"rendered":"<div data-elementor-type=\"wp-page\" data-elementor-id=\"4006\" class=\"elementor elementor-4006\">\n\t\t\t\t<div class=\"elementor-element elementor-element-236d1b1 e-flex e-con-boxed e-con e-parent\" data-id=\"236d1b1\" data-element_type=\"container\" data-e-type=\"container\">\n\t\t\t\t\t<div class=\"e-con-inner\">\n\t\t\t\t<div class=\"elementor-element elementor-element-337598b elementor-widget elementor-widget-html\" data-id=\"337598b\" data-element_type=\"widget\" data-e-type=\"widget\" data-widget_type=\"html.default\">\n\t\t\t\t<div class=\"elementor-widget-container\">\n\t\t\t\t\t<style>\r\n    a.cky-banner-element {\r\n        padding: 8px 30px;\r\n        background: #F8F9FA;\r\n        color: #858A8F;\r\n        border: 1px solid #DEE2E6;\r\n        box-sizing: border-box;\r\n        border-radius: 2px;\r\n        cursor: pointer;\r\n}\r\n<\/style>\r\n<p><strong>\r\n    Fecha de entrada en vigor: 24 de octubre de 2024 <br>\r\n    \u00daltima actualizaci\u00f3n: 24 de octubre de 2024\r\n<\/p><\/strong>\r\n\r\n&nbsp;\r\n<p><strong>1. \u00bfQu\u00e9 son las cookies?<\/p><\/strong>\r\n<div class=\"cookie-policy-p\"><p>Esta Pol\u00edtica de Cookies explica qu\u00e9 son las cookies y c\u00f3mo las usamos, los tipos de cookies que usamos, es decir, la informaci\u00f3n que recopilamos usando cookies y c\u00f3mo se usa esa informaci\u00f3n, y c\u00f3mo administrar la configuraci\u00f3n de las cookies.<\/p> <p>Las cookies son peque\u00f1os archivos de texto que se utilizan para almacenar peque\u00f1os fragmentos de informaci\u00f3n. Se almacenan en su dispositivo cuando se carga el sitio web en su navegador. Estas cookies nos ayudan a hacer que el sitio web funcione correctamente, hacerlo m\u00e1s seguro, brindar una mejor experiencia de usuario y comprender c\u00f3mo funciona el sitio web y analizar qu\u00e9 funciona y d\u00f3nde necesita mejorar.<\/p><\/div>\r\n\r\n&nbsp;\r\n<p><strong>2. \u00bfC\u00f3mo utilizamos las cookies?<\/p><\/strong>\r\n<div class=\"cookie-policy-p\"><p>Como la mayor\u00eda de los servicios en l\u00ednea, nuestro sitio web utiliza cookies propias y de terceros para diversos fines. Las cookies propias son principalmente necesarias para que el sitio web funcione correctamente y no recopilan ning\u00fan dato personal identificable.<\/p> <p>Las cookies de terceros que se utilizan en nuestro sitio web sirven principalmente para comprender c\u00f3mo funciona el sitio web, c\u00f3mo interact\u00faa con nuestro sitio web, mantener nuestros servicios seguros, proporcionar anuncios que sean relevantes para usted y, en general, brindarle una mejor y mejorada experiencia de usuario y ayudar a acelerar sus futuras interacciones con nuestro sitio web.<\/p><\/div>\r\n\r\n&nbsp;\r\n    <p><strong>3. Tipos de cookies que utilizamos<\/p><\/strong>\r\n\r\n    <div class=\"cky-audit-table-element\"><\/div>\r\n\r\n&nbsp;\r\n    <p style=\"margin-bottom:20px;\"> <strong> 4. Gestionar preferencias de cookies<\/strong><\/p>\r\n\r\n    <a class=\"cky-banner-element\">Configuraci\u00f3n de cookies<\/a> <br\/>\r\n\r\n    <div><p>Puede cambiar sus preferencias de cookies en cualquier momento haciendo clic en el bot\u00f3n de arriba. Esto le permitir\u00e1 volver a visitar el banner de consentimiento de cookies y cambiar sus preferencias o retirar su consentimiento de inmediato. <\/p> <p>Adem\u00e1s de esto, los distintos navegadores ofrecen distintos m\u00e9todos para bloquear y eliminar las cookies utilizadas por los sitios web. Puede cambiar la configuraci\u00f3n de su navegador para bloquear o eliminar las cookies. A continuaci\u00f3n, se incluyen los enlaces a los documentos de soporte sobre c\u00f3mo administrar y eliminar las cookies de los principales navegadores web.<\/p> <p>Cromo: <a target=\"_blank\" href=\"https:\/\/support.google.com\/accounts\/answer\/32050\">https:\/\/support.google.com\/accounts\/answer\/32050<\/a><\/p><p>Safari: <a target=\"_blank\" href=\"https:\/\/support.apple.com\/en-in\/guide\/safari\/sfri11471\/mac\">https:\/\/support.apple.com\/en-in\/guide\/safari\/sfri11471\/mac<\/a><\/p><p>Firefox: <a target=\"_blank\" href=\"https:\/\/support.mozilla.org\/en-US\/kb\/clear-cookies-and-site-data-firefox?redirectslug=delete-cookies-remove-info-websites-stored&amp;redirectlocale=en-US\">https:\/\/support.mozilla.org\/en-US\/kb\/clear-cookies-and-site-data-firefox?redirectslug=delete-cookies-remove-info-websites-stored&amp;redirectlocale=en-US<\/a><\/p><p>Explorador de Internet: <a target=\"_blank\" href=\"https:\/\/support.microsoft.com\/en-us\/topic\/how-to-delete-cookie-files-in-internet-explorer-bca9446f-d873-78de-77ba-d42645fa52fc\">https:\/\/support.microsoft.com\/en-us\/topic\/how-to-delete-cookie-files-in-internet-explorer-bca9446f-d873-78de-77ba-d42645fa52fc<\/a><\/p><p>Si est\u00e1 utilizando otro navegador web, visite los documentos de soporte oficiales de su navegador.<\/p><\/div>\r\n\t\t\t\t<\/div>\n\t\t\t\t<\/div>\n\t\t\t\t\t<\/div>\n\t\t\t\t<\/div>\n\t\t\t\t<\/div>","protected":false},"excerpt":{"rendered":"<p>Effective Date: 24-Oct-2024 Last Updated: 24-Oct-2024 &nbsp; 1. What are cookies? This Cookie Policy explains what cookies are and how we use them, the types of cookies we use i.e, the information we collect using cookies and how that information is used, and how to manage the cookie settings. Cookies are small text files that [&hellip;]<\/p>\n","protected":false},"author":1,"featured_media":0,"parent":0,"menu_order":0,"comment_status":"closed","ping_status":"closed","template":"","meta":{"footnotes":""},"class_list":["post-4006","page","type-page","status-publish","hentry"],"yoast_head":"<!-- This site is optimized with the Yoast SEO Premium plugin v23.8 (Yoast SEO v27.4) - https:\/\/yoast.com\/product\/yoast-seo-premium-wordpress\/ -->\n<title>Solid Iberia Cookies Policy and Use of Data<\/title>\n<meta name=\"description\" content=\"Understand how Solid Iberia uses cookies to enhance user experience. Review our cookies policy in full detail.\" \/>\n<meta name=\"robots\" content=\"noindex, nofollow\" \/>\n<meta property=\"og:locale\" content=\"es_ES\" \/>\n<meta property=\"og:type\" content=\"article\" \/>\n<meta property=\"og:title\" content=\"Solid Iberia Cookies Policy and Use of Data\" \/>\n<meta property=\"og:description\" content=\"Understand how Solid Iberia uses cookies to enhance user experience. Review our cookies policy in full detail.\" \/>\n<meta property=\"og:url\" content=\"https:\/\/solidiberia.com\/es\/cookies-policy\/\" \/>\n<meta property=\"og:site_name\" content=\"SOLID IBERIA\" \/>\n<meta property=\"article:modified_time\" content=\"2024-11-14T14:05:08+00:00\" \/>\n<meta property=\"og:image\" content=\"https:\/\/solidiberia.com\/wp-content\/uploads\/2024\/10\/cropped-icono.png\" \/>\n\t<meta property=\"og:image:width\" content=\"512\" \/>\n\t<meta property=\"og:image:height\" content=\"512\" \/>\n\t<meta property=\"og:image:type\" content=\"image\/png\" \/>\n<meta name=\"twitter:card\" content=\"summary_large_image\" \/>\n<meta name=\"twitter:title\" content=\"Cookies Policy\" \/>\n<meta name=\"twitter:label1\" content=\"Tiempo de lectura\" \/>\n\t<meta name=\"twitter:data1\" content=\"2 minutos\" \/>\n<script type=\"application\/ld+json\" class=\"yoast-schema-graph\">{\"@context\":\"https:\\\/\\\/schema.org\",\"@graph\":[{\"@type\":\"WebPage\",\"@id\":\"https:\\\/\\\/solidiberia.com\\\/cookies-policy\",\"url\":\"https:\\\/\\\/solidiberia.com\\\/cookies-policy\",\"name\":\"Solid Iberia Cookies Policy and Use of Data\",\"isPartOf\":{\"@id\":\"https:\\\/\\\/solidiberia.com\\\/#website\"},\"datePublished\":\"2024-10-24T16:15:24+00:00\",\"dateModified\":\"2024-11-14T14:05:08+00:00\",\"description\":\"Understand how Solid Iberia uses cookies to enhance user experience. Review our cookies policy in full detail.\",\"breadcrumb\":{\"@id\":\"https:\\\/\\\/solidiberia.com\\\/cookies-policy#breadcrumb\"},\"inLanguage\":\"es\",\"potentialAction\":[{\"@type\":\"ReadAction\",\"target\":[\"https:\\\/\\\/solidiberia.com\\\/cookies-policy\"]}]},{\"@type\":\"BreadcrumbList\",\"@id\":\"https:\\\/\\\/solidiberia.com\\\/cookies-policy#breadcrumb\",\"itemListElement\":[{\"@type\":\"ListItem\",\"position\":1,\"name\":\"Home\",\"item\":\"https:\\\/\\\/solidiberia.com\\\/\"},{\"@type\":\"ListItem\",\"position\":2,\"name\":\"Cookies Policy\"}]},{\"@type\":\"WebSite\",\"@id\":\"https:\\\/\\\/solidiberia.com\\\/#website\",\"url\":\"https:\\\/\\\/solidiberia.com\\\/\",\"name\":\"SOLID IBERIA\",\"description\":\"Consulting, Marketing and Insurance Services\",\"publisher\":{\"@id\":\"https:\\\/\\\/solidiberia.com\\\/#organization\"},\"potentialAction\":[{\"@type\":\"SearchAction\",\"target\":{\"@type\":\"EntryPoint\",\"urlTemplate\":\"https:\\\/\\\/solidiberia.com\\\/?s={search_term_string}\"},\"query-input\":{\"@type\":\"PropertyValueSpecification\",\"valueRequired\":true,\"valueName\":\"search_term_string\"}}],\"inLanguage\":\"es\"},{\"@type\":\"Organization\",\"@id\":\"https:\\\/\\\/solidiberia.com\\\/#organization\",\"name\":\"SOLID IBERIA\",\"url\":\"https:\\\/\\\/solidiberia.com\\\/\",\"logo\":{\"@type\":\"ImageObject\",\"inLanguage\":\"es\",\"@id\":\"https:\\\/\\\/solidiberia.com\\\/#\\\/schema\\\/logo\\\/image\\\/\",\"url\":\"https:\\\/\\\/solidiberia.com\\\/wp-content\\\/uploads\\\/2024\\\/10\\\/cropped-logo-solid-nuevo-2.png\",\"contentUrl\":\"https:\\\/\\\/solidiberia.com\\\/wp-content\\\/uploads\\\/2024\\\/10\\\/cropped-logo-solid-nuevo-2.png\",\"width\":4441,\"height\":1116,\"caption\":\"SOLID IBERIA\"},\"image\":{\"@id\":\"https:\\\/\\\/solidiberia.com\\\/#\\\/schema\\\/logo\\\/image\\\/\"},\"sameAs\":[\"https:\\\/\\\/www.linkedin.com\\\/company\\\/solid-iberia\\\/\"],\"email\":\"info@solidiberia.com\",\"telephone\":\"+34951331269\",\"legalName\":\"Solid Iberia, S.L.\",\"foundingDate\":\"2013-09-13\",\"vatID\":\"B93280071\",\"taxID\":\"B93280071\",\"ownershipFundingInfo\":\"https:\\\/\\\/solidiberia.com\\\/legal-advice\",\"actionableFeedbackPolicy\":\"https:\\\/\\\/solidiberia.com\\\/transparency-policy\",\"correctionsPolicy\":\"https:\\\/\\\/solidiberia.com\\\/legal-advice\",\"ethicsPolicy\":\"https:\\\/\\\/solidiberia.com\\\/transparency-policy\"}]}<\/script>\n<!-- \/ Yoast SEO Premium plugin. -->","yoast_head_json":{"title":"Pol\u00edtica de Cookies y Uso de Datos de Solid Iberia","description":"Conoce c\u00f3mo Solid Iberia utiliza las cookies para mejorar la experiencia del usuario. Revisa nuestra pol\u00edtica de cookies con todo detalle.","robots":{"index":"noindex","follow":"nofollow"},"og_locale":"es_ES","og_type":"article","og_title":"Solid Iberia Cookies Policy and Use of Data","og_description":"Understand how Solid Iberia uses cookies to enhance user experience. Review our cookies policy in full detail.","og_url":"https:\/\/solidiberia.com\/es\/cookies-policy\/","og_site_name":"SOLID IBERIA","article_modified_time":"2024-11-14T14:05:08+00:00","og_image":[{"width":512,"height":512,"url":"https:\/\/solidiberia.com\/wp-content\/uploads\/2024\/10\/cropped-icono.png","type":"image\/png"}],"twitter_card":"summary_large_image","twitter_title":"Cookies Policy","twitter_misc":{"Tiempo de lectura":"2 minutos"},"schema":{"@context":"https:\/\/schema.org","@graph":[{"@type":"WebPage","@id":"https:\/\/solidiberia.com\/cookies-policy","url":"https:\/\/solidiberia.com\/cookies-policy","name":"Pol\u00edtica de Cookies y Uso de Datos de Solid Iberia","isPartOf":{"@id":"https:\/\/solidiberia.com\/#website"},"datePublished":"2024-10-24T16:15:24+00:00","dateModified":"2024-11-14T14:05:08+00:00","description":"Conoce c\u00f3mo Solid Iberia utiliza las cookies para mejorar la experiencia del usuario. Revisa nuestra pol\u00edtica de cookies con todo detalle.","breadcrumb":{"@id":"https:\/\/solidiberia.com\/cookies-policy#breadcrumb"},"inLanguage":"es","potentialAction":[{"@type":"ReadAction","target":["https:\/\/solidiberia.com\/cookies-policy"]}]},{"@type":"BreadcrumbList","@id":"https:\/\/solidiberia.com\/cookies-policy#breadcrumb","itemListElement":[{"@type":"ListItem","position":1,"name":"Home","item":"https:\/\/solidiberia.com\/"},{"@type":"ListItem","position":2,"name":"Cookies Policy"}]},{"@type":"WebSite","@id":"https:\/\/solidiberia.com\/#website","url":"https:\/\/solidiberia.com\/","name":"SOLID IBERIA","description":"Servicios de Consultor\u00eda, Marketing y Seguros","publisher":{"@id":"https:\/\/solidiberia.com\/#organization"},"potentialAction":[{"@type":"SearchAction","target":{"@type":"EntryPoint","urlTemplate":"https:\/\/solidiberia.com\/?s={search_term_string}"},"query-input":{"@type":"PropertyValueSpecification","valueRequired":true,"valueName":"search_term_string"}}],"inLanguage":"es"},{"@type":"Organization","@id":"https:\/\/solidiberia.com\/#organization","name":"SOLID IBERIA","url":"https:\/\/solidiberia.com\/","logo":{"@type":"ImageObject","inLanguage":"es","@id":"https:\/\/solidiberia.com\/#\/schema\/logo\/image\/","url":"https:\/\/solidiberia.com\/wp-content\/uploads\/2024\/10\/cropped-logo-solid-nuevo-2.png","contentUrl":"https:\/\/solidiberia.com\/wp-content\/uploads\/2024\/10\/cropped-logo-solid-nuevo-2.png","width":4441,"height":1116,"caption":"SOLID IBERIA"},"image":{"@id":"https:\/\/solidiberia.com\/#\/schema\/logo\/image\/"},"sameAs":["https:\/\/www.linkedin.com\/company\/solid-iberia\/"],"email":"info@solidiberia.com","telephone":"+34951331269","legalName":"Solid Iberia, S.L.","foundingDate":"2013-09-13","vatID":"B93280071","taxID":"B93280071","ownershipFundingInfo":"https:\/\/solidiberia.com\/legal-advice","actionableFeedbackPolicy":"https:\/\/solidiberia.com\/transparency-policy","correctionsPolicy":"https:\/\/solidiberia.com\/legal-advice","ethicsPolicy":"https:\/\/solidiberia.com\/transparency-policy"}]}},"_links":{"self":[{"href":"https:\/\/solidiberia.com\/es\/wp-json\/wp\/v2\/pages\/4006","targetHints":{"allow":["GET"]}}],"collection":[{"href":"https:\/\/solidiberia.com\/es\/wp-json\/wp\/v2\/pages"}],"about":[{"href":"https:\/\/solidiberia.com\/es\/wp-json\/wp\/v2\/types\/page"}],"author":[{"embeddable":true,"href":"https:\/\/solidiberia.com\/es\/wp-json\/wp\/v2\/users\/1"}],"replies":[{"embeddable":true,"href":"https:\/\/solidiberia.com\/es\/wp-json\/wp\/v2\/comments?post=4006"}],"version-history":[{"count":0,"href":"https:\/\/solidiberia.com\/es\/wp-json\/wp\/v2\/pages\/4006\/revisions"}],"wp:attachment":[{"href":"https:\/\/solidiberia.com\/es\/wp-json\/wp\/v2\/media?parent=4006"}],"curies":[{"name":"wp","href":"https:\/\/api.w.org\/{rel}","templated":true}]}}